{"id":1843,"date":"2018-03-06T03:56:38","date_gmt":"2018-03-06T03:56:38","guid":{"rendered":"https:\/\/dvcai.utm.my\/erasmusplus\/?page_id=1843"},"modified":"2022-05-11T08:24:53","modified_gmt":"2022-05-11T08:24:53","slug":"sgh-warsaw-school-of-economics","status":"publish","type":"page","link":"https:\/\/dvcai.utm.my\/erasmusplus\/sgh-warsaw-school-of-economics\/","title":{"rendered":"SGH Warsaw School of Economics"},"content":{"rendered":"<p>[et_pb_section fb_built=&#8221;1&#8243; admin_label=&#8221;section&#8221; _builder_version=&#8221;4.14.9&#8243; hover_enabled=&#8221;0&#8243; global_colors_info=&#8221;{}&#8221; top_divider_style=&#8221;wave2&#8243; top_divider_color=&#8221;#0C71C3&#8243; bottom_divider_style=&#8221;wave2&#8243; bottom_divider_color=&#8221;#0C71C3&#8243; sticky_enabled=&#8221;0&#8243;][et_pb_row admin_label=&#8221;row&#8221; _builder_version=&#8221;3.25&#8243; background_size=&#8221;initial&#8221; background_position=&#8221;top_left&#8221; background_repeat=&#8221;repeat&#8221; global_colors_info=&#8221;{}&#8221;][et_pb_column type=&#8221;4_4&#8243; _builder_version=&#8221;3.25&#8243; custom_padding=&#8221;|||&#8221; global_colors_info=&#8221;{}&#8221; custom_padding__hover=&#8221;|||&#8221;][et_pb_text admin_label=&#8221;Text&#8221; _builder_version=&#8221;3.27.4&#8243; background_size=&#8221;initial&#8221; background_position=&#8221;top_left&#8221; background_repeat=&#8221;repeat&#8221; global_colors_info=&#8221;{}&#8221; custom_padding=&#8221;||152px|||&#8221;]<strong><a href=\"https:\/\/dvcai.utm.my\/wp-content\/uploads\/sites\/8\/2019\/03\/Szko\u0142a_G\u0142\u00f3wna_Handlowa_logo.png\"><img loading=\"lazy\" decoding=\"async\" class=\"wp-image-2678 aligncenter\" src=\"https:\/\/dvcai.utm.my\/wp-content\/uploads\/sites\/8\/2019\/03\/Szko\u0142a_G\u0142\u00f3wna_Handlowa_logo-300x150.png\" alt=\"\" width=\"422\" height=\"211\" srcset=\"https:\/\/dvcai.utm.my\/erasmusplus\/wp-content\/uploads\/sites\/8\/2019\/03\/Szko\u0142a_G\u0142\u00f3wna_Handlowa_logo-300x150.png 300w, https:\/\/dvcai.utm.my\/erasmusplus\/wp-content\/uploads\/sites\/8\/2019\/03\/Szko\u0142a_G\u0142\u00f3wna_Handlowa_logo.png 396w\" sizes=\"(max-width: 422px) 100vw, 422px\" \/><\/a><\/strong><\/p>\n<p><strong>SGH Warsaw School of Economics<\/strong> is the oldest university of economics in Poland. Its mission has continuously been educating economists and business leaders serving the nation, country and the region. SGH is famous for its tradition, flexible adjustments of programmes to students\u2019 needs, unquestionable education level, and successful alumni.<\/p>\n<p>Read more at&nbsp;<a href=\"http:\/\/www.sgh.waw.pl\">http:\/\/www.sgh.waw.pl<\/a><\/p>\n<p>&nbsp;<\/p>\n<p style=\"font-weight: 400\">&nbsp;<\/p>\n<p style=\"font-weight: 400\">&nbsp;<\/p>\n<p>[\/et_pb_text][\/et_pb_column][\/et_pb_row][\/et_pb_section]<\/p>\n","protected":false},"excerpt":{"rendered":"<p>SGH Warsaw School of Economics is the oldest university of economics in Poland. Its mission has continuously been educating economists and business leaders serving the nation, country and the region. SGH is famous for its tradition, flexible adjustments of programmes to students\u2019 needs, unquestionable education level, and successful alumni. Read more at&nbsp;http:\/\/www.sgh.waw.pl &nbsp; &nbsp; &nbsp;<\/p>\n","protected":false},"author":28,"featured_media":0,"parent":0,"menu_order":0,"comment_status":"closed","ping_status":"open","template":"","meta":{"_et_pb_use_builder":"on","_et_pb_old_content":"<strong><a href=\"https:\/\/dvcai.utm.my\/wp-content\/uploads\/sites\/8\/2019\/03\/Szko\u0142a_G\u0142\u00f3wna_Handlowa_logo.png\"><img class=\"wp-image-2678 aligncenter\" src=\"https:\/\/dvcai.utm.my\/wp-content\/uploads\/sites\/8\/2019\/03\/Szko\u0142a_G\u0142\u00f3wna_Handlowa_logo-300x150.png\" alt=\"\" width=\"422\" height=\"211\"><\/a><\/strong>\n\n<strong>SGH Warsaw School of Economics<\/strong> is the oldest university of economics in Poland. Its mission has continuously been educating economists and business leaders serving the nation, country and the region. SGH is famous for its tradition, flexible adjustments of programmes to students\u2019 needs, unquestionable education level, and successful alumni.\n\nRead more at&nbsp;<a href=\"http:\/\/www.sgh.waw.pl\">http:\/\/www.sgh.waw.pl<\/a>\n\n&nbsp;\n<p style=\"font-weight: 400\">&nbsp;<\/p>\n<p style=\"font-weight: 400\">&nbsp;<\/p>","_et_gb_content_width":"","footnotes":""},"class_list":["post-1843","page","type-page","status-publish","hentry"],"_links":{"self":[{"href":"https:\/\/dvcai.utm.my\/erasmusplus\/wp-json\/wp\/v2\/pages\/1843","targetHints":{"allow":["GET"]}}],"collection":[{"href":"https:\/\/dvcai.utm.my\/erasmusplus\/wp-json\/wp\/v2\/pages"}],"about":[{"href":"https:\/\/dvcai.utm.my\/erasmusplus\/wp-json\/wp\/v2\/types\/page"}],"author":[{"embeddable":true,"href":"https:\/\/dvcai.utm.my\/erasmusplus\/wp-json\/wp\/v2\/users\/28"}],"replies":[{"embeddable":true,"href":"https:\/\/dvcai.utm.my\/erasmusplus\/wp-json\/wp\/v2\/comments?post=1843"}],"version-history":[{"count":4,"href":"https:\/\/dvcai.utm.my\/erasmusplus\/wp-json\/wp\/v2\/pages\/1843\/revisions"}],"predecessor-version":[{"id":3984,"href":"https:\/\/dvcai.utm.my\/erasmusplus\/wp-json\/wp\/v2\/pages\/1843\/revisions\/3984"}],"wp:attachment":[{"href":"https:\/\/dvcai.utm.my\/erasmusplus\/wp-json\/wp\/v2\/media?parent=1843"}],"curies":[{"name":"wp","href":"https:\/\/api.w.org\/{rel}","templated":true}]}}